{"id":147,"date":"2025-04-11T22:20:25","date_gmt":"2025-04-11T22:20:25","guid":{"rendered":"https:\/\/munilatinguina.gob.pe\/?page_id=147"},"modified":"2026-03-16T22:21:20","modified_gmt":"2026-03-16T22:21:20","slug":"acuerdos-de-concejo-2","status":"publish","type":"page","link":"https:\/\/munilatinguina.gob.pe\/index.php\/acuerdos-de-concejo-2\/","title":{"rendered":"ACUERDO DE CONSEJO"},"content":{"rendered":"\n<p class=\"has-text-align-center has-large-font-size\">ACUERDO DE CONSEJO<\/p>\n\n\n\n<p class=\"has-medium-font-size\"><strong>A\u00d1O 2026<\/strong><\/p>\n\n\n\n<figure class=\"wp-block-table alignwide is-style-regular has-large-font-size\"><table><tbody><tr><td class=\"has-text-align-center\" data-align=\"center\">DETALLES<\/td><td class=\"has-text-align-center\" data-align=\"center\">ARCHIVOS<\/td><\/tr><tr><td class=\"has-text-align-center\" data-align=\"center\">ACUERDO DE CONSEJO MUNICIPAL N\u00b022-2026-MDLT<\/td><td class=\"has-text-align-center\" data-align=\"center\"><a href=\"https:\/\/drive.google.com\/file\/d\/1DbMoDr29OLhXOxGZs-sySzP-iYsO2flZ\/view?usp=drive_link\" target=\"_blank\" rel=\"noreferrer noopener\"><img decoding=\"async\" class=\"wp-image-104\" style=\"width: 80px;\" src=\"https:\/\/munilatinguina.gob.pe\/wp-content\/uploads\/2025\/01\/PDF_file_icon.svg_.png\" alt=\"\"><\/a><\/td><\/tr><tr><td class=\"has-text-align-center\" data-align=\"center\">ACUERDO DE CONSEJO MUNICIPAL N\u00b019-2026-MDLT<\/td><td class=\"has-text-align-center\" data-align=\"center\"><a href=\"https:\/\/drive.google.com\/file\/d\/1FtNRvNQoVC-mo9P8ooJcdZDc0PGtnmp4\/view?usp=drive_link\" target=\"_blank\" rel=\"noreferrer noopener\"><img decoding=\"async\" class=\"wp-image-104\" style=\"width: 80px;\" src=\"https:\/\/munilatinguina.gob.pe\/wp-content\/uploads\/2025\/01\/PDF_file_icon.svg_.png\" alt=\"\"><\/a><\/td><\/tr><tr><td class=\"has-text-align-center\" data-align=\"center\">ACUERDO DE CONSEJO MUNICIPAL N\u00b018-2026-MDLT<\/td><td class=\"has-text-align-center\" data-align=\"center\"><a href=\"https:\/\/drive.google.com\/file\/d\/1e6RO5ns3JfBVUHKhmZKD_Vvvokl2RwrD\/view?usp=drive_link\" target=\"_blank\" rel=\"noreferrer noopener\"><img decoding=\"async\" class=\"wp-image-104\" style=\"width: 80px;\" src=\"https:\/\/munilatinguina.gob.pe\/wp-content\/uploads\/2025\/01\/PDF_file_icon.svg_.png\" alt=\"\"><\/a><\/td><\/tr><tr><td class=\"has-text-align-center\" data-align=\"center\">ACUERDO DE CONSEJO MUNICIPAL N\u00b014-2026-MDLT<\/td><td class=\"has-text-align-center\" data-align=\"center\"><a href=\"https:\/\/drive.google.com\/file\/d\/1Ldqhd47Q0gEBIyd-QhNHicC89wqmOgnD\/view?usp=drive_link\" target=\"_blank\" rel=\"noreferrer noopener\"><img decoding=\"async\" class=\"wp-image-104\" style=\"width: 80px;\" src=\"https:\/\/munilatinguina.gob.pe\/wp-content\/uploads\/2025\/01\/PDF_file_icon.svg_.png\" alt=\"\"><\/a><\/td><\/tr><tr><td class=\"has-text-align-center\" data-align=\"center\">ACUERDO DE CONSEJO MUNICIPAL N\u00b013-2026-MDLT<\/td><td class=\"has-text-align-center\" data-align=\"center\"><a href=\"https:\/\/drive.google.com\/file\/d\/1QplZYWX0Lbw4Blrr45qCT6LR7ecC-ILZ\/view?usp=drive_link\" target=\"_blank\" rel=\"noreferrer noopener\"><img decoding=\"async\" class=\"wp-image-104\" style=\"width: 80px;\" src=\"https:\/\/munilatinguina.gob.pe\/wp-content\/uploads\/2025\/01\/PDF_file_icon.svg_.png\" alt=\"\"><\/a><\/td><\/tr><tr><td class=\"has-text-align-center\" data-align=\"center\">ACUERDO DE CONSEJO MUNICIPAL N\u00b011-2026-MDLT<\/td><td class=\"has-text-align-center\" data-align=\"center\"><a href=\"https:\/\/drive.google.com\/file\/d\/1A2ABaWcKRNfDcpZNWN7yzrdhl-7-Izxc\/view?usp=drive_link\" target=\"_blank\" rel=\"noreferrer noopener\"><img decoding=\"async\" class=\"wp-image-104\" style=\"width: 80px;\" src=\"https:\/\/munilatinguina.gob.pe\/wp-content\/uploads\/2025\/01\/PDF_file_icon.svg_.png\" alt=\"\"><\/a><\/td><\/tr><\/tbody><\/table><\/figure>\n\n\n\n<p class=\"has-medium-font-size\"><strong>A\u00d1O 2025<\/strong><\/p>\n\n\n\n<div class=\"wp-block-columns is-layout-flex wp-container-core-columns-is-layout-1 wp-block-columns-is-layout-flex\">\n<div class=\"wp-block-column is-layout-flow wp-block-column-is-layout-flow\" style=\"flex-basis:100%\">\n<figure class=\"wp-block-table\"><table><tbody><tr><td>DETALLES<\/td><td>ARCHIVOS<\/td><\/tr><tr><td>ACUERDO DE CONSEJO MUNICIPAL N\u00b098-2025-MDLT<br><a href=\"https:\/\/drive.google.com\/file\/d\/1sz0GBKDSCMx0K-z54frTp2EN5S6uBma5\/view?usp=drive_link\" target=\"_blank\" rel=\"noreferrer noopener\"><\/a><\/td><td><a href=\"https:\/\/drive.google.com\/file\/d\/1ojfT14wrpU-6aiXvtrUW9WguwTft955B\/view?usp=drive_link\" target=\"_blank\" rel=\"noreferrer noopener\"><img decoding=\"async\" class=\"wp-image-104\" style=\"width: 80px;\" src=\"https:\/\/munilatinguina.gob.pe\/wp-content\/uploads\/2025\/01\/PDF_file_icon.svg_.png\" alt=\"\"><\/a><\/td><\/tr><tr><td>ACUERDO DE CONSEJO MUNICIPAL N\u00b094-2025-MDLT<\/td><td><a href=\"https:\/\/drive.google.com\/file\/d\/1sz0GBKDSCMx0K-z54frTp2EN5S6uBma5\/view?usp=drive_link\" target=\"_blank\" rel=\"noreferrer noopener\"><img decoding=\"async\" class=\"wp-image-104\" style=\"width: 80px;\" src=\"https:\/\/munilatinguina.gob.pe\/wp-content\/uploads\/2025\/01\/PDF_file_icon.svg_.png\" alt=\"\"><\/a><\/td><\/tr><tr><td>ACUERDO DE CONSEJO MUNICIPAL N\u00b093-2025-MDLT<\/td><td><a href=\"https:\/\/drive.google.com\/file\/d\/1RvENaC_TPDLc8dkA32UPMo-rEHfZSzzW\/view?usp=drive_link\" target=\"_blank\" rel=\"noreferrer noopener\"><img decoding=\"async\" class=\"wp-image-104\" style=\"width: 80px;\" src=\"https:\/\/munilatinguina.gob.pe\/wp-content\/uploads\/2025\/01\/PDF_file_icon.svg_.png\" alt=\"\"><\/a><\/td><\/tr><tr><td>ACUERDO DE CONSEJO MUNICIPAL N\u00b0092-2025-MDLT<\/td><td><a href=\"https:\/\/drive.google.com\/file\/d\/1VfdS-udcxCn21b4oq90Stz8apjB7Suaa\/view?usp=drive_link\" target=\"_blank\" rel=\"noreferrer noopener\"><img decoding=\"async\" class=\"wp-image-104\" style=\"width: 80px;\" src=\"https:\/\/munilatinguina.gob.pe\/wp-content\/uploads\/2025\/01\/PDF_file_icon.svg_.png\" alt=\"\"><\/a><\/td><\/tr><tr><td>ACUERDO DE CONSEJO MUNICIPAL N\u00b087-2025-MDLT<br><a href=\"https:\/\/drive.google.com\/file\/d\/1dZqExclRXECtPOVxIEULEJB647BdCrik\/view?usp=drive_link\"><\/a><\/td><td><a href=\"https:\/\/drive.google.com\/file\/d\/1dZqExclRXECtPOVxIEULEJB647BdCrik\/view?usp=drive_link\"><img decoding=\"async\" class=\"wp-image-104\" style=\"width: 80px;\" src=\"https:\/\/munilatinguina.gob.pe\/wp-content\/uploads\/2025\/01\/PDF_file_icon.svg_.png\" alt=\"\"><\/a><\/td><\/tr><\/tbody><\/table><\/figure>\n<\/div>\n<\/div>\n\n\n\n<p>2025<\/p>\n\n\n\n<figure class=\"wp-block-table\"><table class=\"has-fixed-layout\"><tbody><tr><td>Acuerdo de Concejo<\/td><td>Descripci\u00f3n<\/td><td>Archivo<\/td><\/tr><tr><td>ACUERDO DE CONCEJO MUNICIPAL N\u00b019-2025-MDLT<\/td><td>MEJORAMIENTO DE LA TRANSITABILIDAD VEHICULAR Y PEATONAL EN LA AV. MADRID DESDE LA AV RIO DE JANEIRO HASTA LA CALLE LOS TUNOS DEL DISTRITO DE LA TINGUI\u00d1A -PROVINCIA DE ICA DEPARTAMENTO DE ICA, IDENTIFICADO CON CUI: 2523690 PARA QUE SEA FINANCIADO SU EJECUCI\u00d3N MEDIANTE EL MECANISMO DE OBRAS POR IMPUESTO &#8211; OXI, EN EL MARCO DE LA LEY N\u00b0 29230 &#8211; LEY QUE IMPULSA LA INVERSI\u00d3N P\u00daBLICA REGIONAL Y LOCAL CON PARTICIPACI\u00d3N DEL SECTOR PRIVADO,<\/td><td><a href=\"https:\/\/drive.google.com\/file\/d\/13b0db8FS1gSmwZrFmn2gjyWZBgiyKLt6\/view?usp=drive_link\" target=\"_blank\" rel=\"noreferrer noopener\"><img decoding=\"async\" class=\"wp-image-104\" style=\"width: 150px;\" src=\"https:\/\/munilatinguina.gob.pe\/wp-content\/uploads\/2025\/01\/PDF_file_icon.svg_.png\" alt=\"\"><\/a><\/td><\/tr><tr><td>ACUERDO DE CONSEJO MUNICIPAL N\u00ba 24-2025-MDLT<\/td><td>MEJORAMIENTO DEL SERVICIO DE MOVILIDAD URBANA EN AV. AVIACI\u00d3N DISTRITO DE LA TINGUI\u00d1A DE LA PROVINCIA DE ICA DEL DEPARTAMENTO DE ICA &#8211; CUI Nro. 2685729<\/td><td><a href=\"https:\/\/drive.google.com\/file\/d\/1cOIQ2CGMRE6eyXqkCv_W_REU5fQLgD7R\/view?usp=drive_link\" target=\"_blank\" rel=\"noreferrer noopener\"><img decoding=\"async\" class=\"wp-image-104\" style=\"width: 150px;\" src=\"https:\/\/munilatinguina.gob.pe\/wp-content\/uploads\/2025\/01\/PDF_file_icon.svg_.png\" alt=\"\"><\/a><\/td><\/tr><\/tbody><\/table><\/figure>\n\n\n\n<p><\/p>\n","protected":false},"excerpt":{"rendered":"<p>ACUERDO DE CONSEJO A\u00d1O 2026 DETALLES ARCHIVOS ACUERDO DE CONSEJO MUNICIPAL N\u00b022-2026-MDLT ACUERDO DE CONSEJO MUNICIPAL N\u00b019-2026-MDLT ACUERDO DE CONSEJO MUNICIPAL N\u00b018-2026-MDLT ACUERDO DE CONSEJO MUNICIPAL N\u00b014-2026-MDLT ACUERDO DE CONSEJO MUNICIPAL N\u00b013-2026-MDLT ACUERDO DE CONSEJO MUNICIPAL N\u00b011-2026-MDLT A\u00d1O 2025 DETALLES ARCHIVOS ACUERDO DE CONSEJO MUNICIPAL N\u00b098-2025-MDLT ACUERDO DE CONSEJO MUNICIPAL N\u00b094-2025-MDLT ACUERDO DE CONSEJO MUNICIPAL<\/p>\n<div class=\"more-link\">\n\t\t\t\t <a href=\"https:\/\/munilatinguina.gob.pe\/index.php\/acuerdos-de-concejo-2\/\" class=\"theme-btn\"><span>Seguir leyendo<\/span><\/a>\n\t\t\t<\/div>\n","protected":false},"author":1,"featured_media":0,"parent":0,"menu_order":0,"comment_status":"closed","ping_status":"closed","template":"","meta":{"footnotes":""},"class_list":["post-147","page","type-page","status-publish","hentry"],"_links":{"self":[{"href":"https:\/\/munilatinguina.gob.pe\/index.php\/wp-json\/wp\/v2\/pages\/147","targetHints":{"allow":["GET"]}}],"collection":[{"href":"https:\/\/munilatinguina.gob.pe\/index.php\/wp-json\/wp\/v2\/pages"}],"about":[{"href":"https:\/\/munilatinguina.gob.pe\/index.php\/wp-json\/wp\/v2\/types\/page"}],"author":[{"embeddable":true,"href":"https:\/\/munilatinguina.gob.pe\/index.php\/wp-json\/wp\/v2\/users\/1"}],"replies":[{"embeddable":true,"href":"https:\/\/munilatinguina.gob.pe\/index.php\/wp-json\/wp\/v2\/comments?post=147"}],"version-history":[{"count":24,"href":"https:\/\/munilatinguina.gob.pe\/index.php\/wp-json\/wp\/v2\/pages\/147\/revisions"}],"predecessor-version":[{"id":635,"href":"https:\/\/munilatinguina.gob.pe\/index.php\/wp-json\/wp\/v2\/pages\/147\/revisions\/635"}],"wp:attachment":[{"href":"https:\/\/munilatinguina.gob.pe\/index.php\/wp-json\/wp\/v2\/media?parent=147"}],"curies":[{"name":"wp","href":"https:\/\/api.w.org\/{rel}","templated":true}]}}