{"id":15,"date":"2025-01-06T15:03:59","date_gmt":"2025-01-06T15:03:59","guid":{"rendered":"https:\/\/munilatinguina.gob.pe\/?page_id=15"},"modified":"2026-02-23T15:52:10","modified_gmt":"2026-02-23T15:52:10","slug":"codisec","status":"publish","type":"page","link":"https:\/\/munilatinguina.gob.pe\/index.php\/codisec\/","title":{"rendered":"Codisec"},"content":{"rendered":"\n<p>El Comit\u00e9 Distrital de Seguridad Ciudadana (CODISEC) es un \u00f3rgano de coordinaci\u00f3n encargado de promover y ejecutar pol\u00edticas de prevenci\u00f3n del delito y violencia en el distrito. Integrado por autoridades locales, instituciones p\u00fablicas y representantes de la sociedad civil, el CODISEC trabaja de manera articulada para garantizar la seguridad y el bienestar de la comunidad. A trav\u00e9s de estrategias participativas y planes de acci\u00f3n concretos, busca fortalecer la convivencia pac\u00edfica y proteger los derechos de todos los ciudadanos.<\/p>\n\n\n\n<p class=\"has-text-align-center has-large-font-size\"><strong>AUDIENCIA PUBLICA CODISEC<\/strong><\/p>\n\n\n\n<p class=\"has-medium-font-size\"><strong>A\u00d1O 2025<\/strong><\/p>\n\n\n\n<figure class=\"wp-block-table\"><table class=\"has-fixed-layout\"><tbody><tr><td class=\"has-text-align-center\" data-align=\"center\"><strong>AUDIENCIAS PUBLICAS 2025<\/strong><\/td><td class=\"has-text-align-center\" data-align=\"center\">ARCHIVOS<\/td><\/tr><tr><td class=\"has-text-align-center\" data-align=\"center\"><em>Tercer Audiencia Publica 2025<\/em><\/td><td class=\"has-text-align-center\" data-align=\"center\"><a href=\"https:\/\/drive.google.com\/file\/d\/1NCt0U6mtK2LGoPC-58JobToXRGCfnBCm\/view?usp=drive_link\" target=\"_blank\" rel=\"noreferrer noopener\"><img decoding=\"async\" class=\"wp-image-104\" style=\"width: 100px;\" src=\"https:\/\/munilatinguina.gob.pe\/wp-content\/uploads\/2025\/01\/PDF_file_icon.svg_.png\" alt=\"\"><\/a><\/td><\/tr><tr><td class=\"has-text-align-center\" data-align=\"center\"><em>Primera Audiencia Publica 2025<\/em><\/td><td class=\"has-text-align-center\" data-align=\"center\"><a href=\"https:\/\/drive.google.com\/file\/d\/199YpxVQcJtiyjynIWm3rFxLNnKY6npSh\/view?usp=drive_link\"><img decoding=\"async\" class=\"wp-image-104\" style=\"width: 100px;\" src=\"https:\/\/munilatinguina.gob.pe\/wp-content\/uploads\/2025\/01\/PDF_file_icon.svg_.png\" alt=\"\"><\/a><\/td><\/tr><\/tbody><\/table><\/figure>\n\n\n\n<div class=\"wp-block-columns is-layout-flex wp-container-core-columns-is-layout-1 wp-block-columns-is-layout-flex\">\n<div class=\"wp-block-column is-layout-flow wp-block-column-is-layout-flow\" style=\"flex-basis:100%\">\n<p class=\"has-text-align-center has-large-font-size\"><strong>SESIONES ORDINARIAS<\/strong><\/p>\n\n\n\n<p class=\"has-medium-font-size\"><strong>A\u00d1O 2026<\/strong><\/p>\n\n\n\n<figure class=\"wp-block-table is-style-regular\"><table class=\"has-fixed-layout\"><tbody><tr><td class=\"has-text-align-center\" data-align=\"center\">DESCRIPCION<\/td><td class=\"has-text-align-center\" data-align=\"center\">ARCHIVO<\/td><\/tr><tr><td class=\"has-text-align-center\" data-align=\"center\"><em>Primera Sesion Ordinaria 202<\/em>6<br>Instalacion y Juramentacion de los Mienbros del Comite del CODISEC-TINGUI\u00d1A<\/td><td class=\"has-text-align-center\" data-align=\"center\"><a href=\"https:\/\/drive.google.com\/file\/d\/1Ez2vtGQB7LCsWF7V1S9mUEKBa46dN5cI\/view?usp=drive_link\"><img decoding=\"async\" class=\"wp-image-104\" style=\"width: 100px;\" src=\"https:\/\/munilatinguina.gob.pe\/wp-content\/uploads\/2025\/01\/PDF_file_icon.svg_.png\" alt=\"\"><\/a><\/td><\/tr><tr><td class=\"has-text-align-center\" data-align=\"center\"><\/td><td class=\"has-text-align-center\" data-align=\"center\"><\/td><\/tr><\/tbody><\/table><\/figure>\n<\/div>\n<\/div>\n\n\n\n<p class=\"has-medium-font-size\">A<strong>\u00d1O 2025<\/strong><\/p>\n\n\n\n<figure class=\"wp-block-table\"><table class=\"has-fixed-layout\"><tbody><tr><td class=\"has-text-align-center\" data-align=\"center\">DESCRIPCION<\/td><td class=\"has-text-align-center\" data-align=\"center\">ARCHIVO<\/td><\/tr><tr><td class=\"has-text-align-center\" data-align=\"center\"><em>Primera Sesion Ordinaria 2025<\/em><\/td><td class=\"has-text-align-center\" data-align=\"center\"><img decoding=\"async\" class=\"wp-image-104\" style=\"width: 100px;\" src=\"https:\/\/munilatinguina.gob.pe\/wp-content\/uploads\/2025\/01\/PDF_file_icon.svg_.png\" alt=\"\"><\/td><\/tr><tr><td class=\"has-text-align-center\" data-align=\"center\"><em>Segunda Sesion Ordinaria CODISEC 2025<\/em><\/td><td class=\"has-text-align-center\" data-align=\"center\"><img decoding=\"async\" class=\"wp-image-104\" style=\"width: 100px;\" src=\"https:\/\/munilatinguina.gob.pe\/wp-content\/uploads\/2025\/01\/PDF_file_icon.svg_.png\" alt=\"\"><\/td><\/tr><tr><td class=\"has-text-align-center\" data-align=\"center\">Tercera Sesion Ordinaria<\/td><td class=\"has-text-align-center\" data-align=\"center\"><a href=\"https:\/\/drive.google.com\/file\/d\/1QyuCFzHG_vlJjgzEZHUkht0U-6cAwq23\/view?usp=drive_link\"><img decoding=\"async\" class=\"wp-image-104\" style=\"width: 100px;\" src=\"https:\/\/munilatinguina.gob.pe\/wp-content\/uploads\/2025\/01\/PDF_file_icon.svg_.png\" alt=\"\"><\/a><\/td><\/tr><tr><td class=\"has-text-align-center\" data-align=\"center\">Cuarta Sesion Ordinaria<\/td><td class=\"has-text-align-center\" data-align=\"center\"><a href=\"https:\/\/drive.google.com\/file\/d\/1oGp9Ce-bEM7CFk1a2E9R2TbmOgkLsqoX\/view?usp=drive_link\" target=\"_blank\" rel=\"noreferrer noopener\"><img decoding=\"async\" class=\"wp-image-104\" style=\"width: 100px;\" src=\"https:\/\/munilatinguina.gob.pe\/wp-content\/uploads\/2025\/01\/PDF_file_icon.svg_.png\" alt=\"\"><\/a><\/td><\/tr><tr><td class=\"has-text-align-center\" data-align=\"center\">Quinta Sesion Ordinaria<\/td><td class=\"has-text-align-center\" data-align=\"center\"><a href=\"https:\/\/drive.google.com\/file\/d\/1__QvWe7Zqrt5W1dBKxDZvFAw9hV2wHIZ\/view?usp=drive_link\" target=\"_blank\" rel=\"noreferrer noopener\"><img decoding=\"async\" class=\"wp-image-104\" style=\"width: 100px;\" src=\"https:\/\/munilatinguina.gob.pe\/wp-content\/uploads\/2025\/01\/PDF_file_icon.svg_.png\" alt=\"\"><\/a><\/td><\/tr><\/tbody><\/table><\/figure>\n\n\n\n<p class=\"has-text-align-center has-large-font-size\"><strong>SESIONES EXTRAORDINARIAS<\/strong><\/p>\n\n\n\n<p class=\"has-medium-font-size\"><strong>A\u00d1O 2026<\/strong><\/p>\n\n\n\n<figure class=\"wp-block-table\"><table class=\"has-fixed-layout\"><tbody><tr><td class=\"has-text-align-center\" data-align=\"center\">DESCRIPCION<\/td><td class=\"has-text-align-center\" data-align=\"center\">ARCHIVOS<\/td><\/tr><tr><td class=\"has-text-align-center\" data-align=\"center\"><em>Primera Sesion Extraordinaria 202<\/em>6<br>Exposicion y aprobacion del Plan de Patrullaje Municipal e Integrado.<\/td><td class=\"has-text-align-center\" data-align=\"center\"><a href=\"https:\/\/drive.google.com\/file\/d\/1EdmQcHDJY2xSfdLvc7ZNn5SfgHpr1jPc\/view?usp=drive_link\"><img decoding=\"async\" class=\"wp-image-104\" style=\"width: 100px;\" src=\"https:\/\/munilatinguina.gob.pe\/wp-content\/uploads\/2025\/01\/PDF_file_icon.svg_.png\" alt=\"\"><\/a><\/td><\/tr><\/tbody><\/table><\/figure>\n\n\n\n<p class=\"has-medium-font-size\"><strong>A\u00d1O 2025<\/strong><\/p>\n\n\n\n<figure class=\"wp-block-table\"><table class=\"has-fixed-layout\"><tbody><tr><td>DESCRIPCION<\/td><td>ARCHIVOS<\/td><\/tr><tr><td><\/td><td><\/td><\/tr><\/tbody><\/table><\/figure>\n\n\n\n<p class=\"has-text-align-center has-large-font-size\"><strong>PUBLICACION DEL PLAN DE ACCION DE SEGURIDAD CIUDADANA<\/strong><\/p>\n\n\n\n<p class=\"has-medium-font-size\"><strong>A\u00d1O 202<\/strong>4<\/p>\n\n\n\n<figure class=\"wp-block-table\"><table class=\"has-fixed-layout\"><tbody><tr><td class=\"has-text-align-center\" data-align=\"center\">DESCRIPCION<\/td><td class=\"has-text-align-center\" data-align=\"center\">ARCHIVOS<\/td><\/tr><tr><td class=\"has-text-align-center\" data-align=\"center\"><em>Plan de accion de seguridad ciudadana 2024-2027<\/em><\/td><td class=\"has-text-align-center\" data-align=\"center\"><a href=\"https:\/\/drive.google.com\/file\/d\/1M04ZsWbzx0uSvgxrzkePa-gAkeG_FWyz\/view?usp=drive_link\"><img decoding=\"async\" class=\"wp-image-104\" style=\"width: 100px;\" src=\"https:\/\/munilatinguina.gob.pe\/wp-content\/uploads\/2025\/01\/PDF_file_icon.svg_.png\" alt=\"\"><\/a><\/td><\/tr><\/tbody><\/table><\/figure>\n\n\n\n<p class=\"has-text-align-center has-large-font-size\"><strong>PUBLICACION DEL PLAN PATRULLAJE MUNICIPAL <\/strong><\/p>\n\n\n\n<p class=\"has-medium-font-size\"><strong>A\u00d1O 2026<\/strong><\/p>\n\n\n\n<figure class=\"wp-block-table\"><table class=\"has-fixed-layout\"><tbody><tr><td class=\"has-text-align-center\" data-align=\"center\">DESCRIPCION<\/td><td class=\"has-text-align-center\" data-align=\"center\">ARCHIVOS<\/td><\/tr><tr><td class=\"has-text-align-center\" data-align=\"center\">Plan de Patrullaje Municipal 2026<\/td><td class=\"has-text-align-center\" data-align=\"center\"><a href=\"https:\/\/drive.google.com\/file\/d\/1aq-iqd0hFWQ3QgXQViAFqoTtJ2scDJek\/view?usp=drive_link\"><img decoding=\"async\" class=\"wp-image-104\" style=\"width: 100px;\" src=\"https:\/\/munilatinguina.gob.pe\/wp-content\/uploads\/2025\/01\/PDF_file_icon.svg_.png\" alt=\"\"><\/a><\/td><\/tr><\/tbody><\/table><\/figure>\n\n\n\n<p class=\"has-text-align-center has-large-font-size\"><strong><strong>PUBLICACION DEL PLAN PATRULLAJE<\/strong> INTEGRAL<\/strong><\/p>\n\n\n\n<p class=\"has-medium-font-size\"><strong>A\u00d1O 2026<\/strong><\/p>\n\n\n\n<figure class=\"wp-block-table\"><table class=\"has-fixed-layout\"><tbody><tr><td class=\"has-text-align-center\" data-align=\"center\">DESCRIPCION<\/td><td class=\"has-text-align-center\" data-align=\"center\">ARCHIVOS<\/td><\/tr><tr><td class=\"has-text-align-center\" data-align=\"center\">Plan de Patrullaje Integrado 2026<\/td><td class=\"has-text-align-center\" data-align=\"center\"><a href=\"https:\/\/drive.google.com\/file\/d\/1-lFWsQAE3qOhO3xfGD17VUXjJ3UBtfd-\/view?usp=drive_link\"><img decoding=\"async\" class=\"wp-image-104\" style=\"width: 100px;\" src=\"https:\/\/munilatinguina.gob.pe\/wp-content\/uploads\/2025\/01\/PDF_file_icon.svg_.png\" alt=\"\"><\/a><\/td><\/tr><\/tbody><\/table><\/figure>\n\n\n\n<p class=\"has-text-align-center has-large-font-size\"><strong>INFORMES DE EVALUACIONES DE DESEMPE\u00d1O <\/strong><\/p>\n\n\n\n<p class=\"has-medium-font-size\"><strong>A\u00d1O 2026<\/strong><\/p>\n\n\n\n<figure class=\"wp-block-table\"><table class=\"has-fixed-layout\"><tbody><tr><td class=\"has-text-align-center\" data-align=\"center\">DESCRIPCION<\/td><td class=\"has-text-align-center\" data-align=\"center\">ARCHIVOS<\/td><\/tr><tr><td class=\"has-text-align-center\" data-align=\"center\">Informe N\u00b0005-2026<\/td><td class=\"has-text-align-center\" data-align=\"center\"><a href=\"https:\/\/drive.google.com\/file\/d\/1_GbyTny8Bdnl602Xf7nis1G2vocWoupn\/view?usp=drive_link\"><img decoding=\"async\" class=\"wp-image-104\" style=\"width: 100px;\" src=\"https:\/\/munilatinguina.gob.pe\/wp-content\/uploads\/2025\/01\/PDF_file_icon.svg_.png\" alt=\"\"><\/a><\/td><\/tr><\/tbody><\/table><\/figure>\n\n\n\n<p class=\"has-medium-font-size\"><strong>A\u00d1O 2025<\/strong><\/p>\n\n\n\n<figure class=\"wp-block-table\"><table class=\"has-fixed-layout\"><tbody><tr><td class=\"has-text-align-center\" data-align=\"center\">DESCRIPCION<\/td><td class=\"has-text-align-center\" data-align=\"center\">ARECHIVOS<\/td><\/tr><tr><td class=\"has-text-align-center\" data-align=\"center\"><em>EVALUACION DE DESEMPE\u00d1O 2025 I TRIMESTRE<\/em><\/td><td class=\"has-text-align-center\" data-align=\"center\"><a href=\"https:\/\/drive.google.com\/file\/d\/1i3iK5bzS4bqueliKrh2QBIBaaVRQWLuz\/view?usp=drive_link\"><img decoding=\"async\" class=\"wp-image-104\" style=\"width: 100px;\" src=\"https:\/\/munilatinguina.gob.pe\/wp-content\/uploads\/2025\/01\/PDF_file_icon.svg_.png\" alt=\"\"><\/a><\/td><\/tr><tr><td class=\"has-text-align-center\" data-align=\"center\"><em>EVALUACION DE DESEMPE\u00d1O 2025 II TRIMESTRE<\/em><\/td><td class=\"has-text-align-center\" data-align=\"center\"><a href=\"https:\/\/drive.google.com\/file\/d\/1YMFzBtYZUDczeaSfr37JDHAYdO7gNMmi\/view?usp=sharing\" target=\"_blank\" rel=\"noreferrer noopener\"><img decoding=\"async\" class=\"wp-image-104\" style=\"width: 100px;\" src=\"https:\/\/munilatinguina.gob.pe\/wp-content\/uploads\/2025\/01\/PDF_file_icon.svg_.png\" alt=\"\"><\/a><\/td><\/tr><\/tbody><\/table><\/figure>\n\n\n\n<figure class=\"wp-block-table\"><table class=\"has-fixed-layout\"><tbody><tr><td class=\"has-text-align-center\" data-align=\"center\"><strong>PLAN DE RECUPERACION DE ESPACIOS PUBLICOS 2025<\/strong><br><strong>&nbsp;&nbsp;&nbsp;&nbsp;&nbsp;&nbsp;&nbsp;&nbsp;&nbsp;&nbsp;&nbsp;&nbsp;&nbsp;&nbsp;&nbsp;&nbsp;&nbsp;&nbsp;&nbsp;&nbsp; LA TINGUI\u00d1A<\/strong><\/td><\/tr><\/tbody><\/table><\/figure>\n\n\n\n<p class=\"has-text-align-center has-large-font-size\"><strong>PLAN DE RECUPERACION DE ESPACIOS PUBLICOS <\/strong><strong> LA TINGUI\u00d1A<\/strong><\/p>\n\n\n\n<p class=\"has-medium-font-size\"><strong>A\u00d1O 2025<\/strong><\/p>\n\n\n\n<figure class=\"wp-block-table\"><table class=\"has-fixed-layout\"><tbody><tr><td class=\"has-text-align-center\" data-align=\"center\">DESCRIPCION<\/td><td class=\"has-text-align-center\" data-align=\"center\">ARCHIVOS<\/td><\/tr><tr><td class=\"has-text-align-center\" data-align=\"center\">PLAN DE RECUPERACION DEL <em>PARQUE MERINO<\/em><\/td><td class=\"has-text-align-center\" data-align=\"center\"><a href=\"https:\/\/drive.google.com\/file\/d\/1Bfc9ROn3VJICbTWiSRc6QyCCqprSAhIp\/view?usp=drive_link\"><img decoding=\"async\" class=\"wp-image-104\" style=\"width: 100px;\" src=\"https:\/\/munilatinguina.gob.pe\/wp-content\/uploads\/2025\/01\/PDF_file_icon.svg_.png\" alt=\"\"><\/a><\/td><\/tr><\/tbody><\/table><\/figure>\n\n\n\n<p class=\"has-text-align-center has-large-font-size\"><strong>DIRECTORIO CODISEC<\/strong><\/p>\n\n\n\n<p class=\"has-medium-font-size\"><strong>A\u00d1O 202<\/strong>6<\/p>\n\n\n\n<figure class=\"wp-block-table\"><table class=\"has-fixed-layout\"><tbody><tr><td class=\"has-text-align-center\" data-align=\"center\">DESCRIPCION<\/td><td class=\"has-text-align-center\" data-align=\"center\">ARCHIVOS<\/td><\/tr><tr><td class=\"has-text-align-center\" data-align=\"center\">DIRECTORIO ACTUALIZADO 2026<\/td><td class=\"has-text-align-center\" data-align=\"center\"><a href=\"https:\/\/drive.google.com\/file\/d\/1rHTCeuatznMH4VymJ0QrUHu6C-vDVYkf\/view?usp=drive_link\" target=\"_blank\" rel=\"noreferrer noopener\"><img decoding=\"async\" class=\"wp-image-104\" style=\"width: 100px;\" src=\"https:\/\/munilatinguina.gob.pe\/wp-content\/uploads\/2025\/01\/PDF_file_icon.svg_.png\" alt=\"\"><\/a><\/td><\/tr><\/tbody><\/table><\/figure>\n\n\n\n<p class=\"has-text-align-left has-medium-font-size\"><strong>A\u00d1O 2025<\/strong><\/p>\n\n\n\n<figure class=\"wp-block-table\"><table class=\"has-fixed-layout\"><tbody><tr><td class=\"has-text-align-center\" data-align=\"center\">DESCRIPCION<\/td><td class=\"has-text-align-center\" data-align=\"center\">ARCHIVOS<\/td><\/tr><tr><td class=\"has-text-align-center\" data-align=\"center\">DIRECTORIO ACTUALIZADO 2025<\/td><td class=\"has-text-align-center\" data-align=\"center\"><a href=\"https:\/\/drive.google.com\/file\/d\/1kZAbcdaYyZoxS07umzF3_lOPN10G7zPF\/view?usp=sharing\" target=\"_blank\" rel=\"noreferrer noopener\"><img decoding=\"async\" class=\"wp-image-104\" style=\"width: 100px;\" src=\"https:\/\/munilatinguina.gob.pe\/wp-content\/uploads\/2025\/01\/PDF_file_icon.svg_.png\" alt=\"\"><\/a><\/td><\/tr><\/tbody><\/table><\/figure>\n\n\n\n<p><\/p>\n","protected":false},"excerpt":{"rendered":"<p>El Comit\u00e9 Distrital de Seguridad Ciudadana (CODISEC) es un \u00f3rgano de coordinaci\u00f3n encargado de promover y ejecutar pol\u00edticas de prevenci\u00f3n del delito y violencia en el distrito. Integrado por autoridades locales, instituciones p\u00fablicas y representantes de la sociedad civil, el CODISEC trabaja de manera articulada para garantizar la seguridad y el bienestar de la comunidad.<\/p>\n<div class=\"more-link\">\n\t\t\t\t <a href=\"https:\/\/munilatinguina.gob.pe\/index.php\/codisec\/\" class=\"theme-btn\"><span>Seguir leyendo<\/span><\/a>\n\t\t\t<\/div>\n","protected":false},"author":1,"featured_media":0,"parent":0,"menu_order":0,"comment_status":"closed","ping_status":"closed","template":"","meta":{"footnotes":""},"class_list":["post-15","page","type-page","status-publish","hentry"],"_links":{"self":[{"href":"https:\/\/munilatinguina.gob.pe\/index.php\/wp-json\/wp\/v2\/pages\/15","targetHints":{"allow":["GET"]}}],"collection":[{"href":"https:\/\/munilatinguina.gob.pe\/index.php\/wp-json\/wp\/v2\/pages"}],"about":[{"href":"https:\/\/munilatinguina.gob.pe\/index.php\/wp-json\/wp\/v2\/types\/page"}],"author":[{"embeddable":true,"href":"https:\/\/munilatinguina.gob.pe\/index.php\/wp-json\/wp\/v2\/users\/1"}],"replies":[{"embeddable":true,"href":"https:\/\/munilatinguina.gob.pe\/index.php\/wp-json\/wp\/v2\/comments?post=15"}],"version-history":[{"count":29,"href":"https:\/\/munilatinguina.gob.pe\/index.php\/wp-json\/wp\/v2\/pages\/15\/revisions"}],"predecessor-version":[{"id":584,"href":"https:\/\/munilatinguina.gob.pe\/index.php\/wp-json\/wp\/v2\/pages\/15\/revisions\/584"}],"wp:attachment":[{"href":"https:\/\/munilatinguina.gob.pe\/index.php\/wp-json\/wp\/v2\/media?parent=15"}],"curies":[{"name":"wp","href":"https:\/\/api.w.org\/{rel}","templated":true}]}}