{"id":160,"date":"2025-05-05T14:23:57","date_gmt":"2025-05-05T14:23:57","guid":{"rendered":"https:\/\/munilatinguina.gob.pe\/?page_id=160"},"modified":"2025-05-05T14:28:24","modified_gmt":"2025-05-05T14:28:24","slug":"rendicion-de-cuentas","status":"publish","type":"page","link":"https:\/\/munilatinguina.gob.pe\/index.php\/rendicion-de-cuentas\/","title":{"rendered":"RENDICION DE CUENTAS"},"content":{"rendered":"\n<p>La Rendici\u00f3n de Cuentas Ciudadana es un proceso fundamental para fortalecer la transparencia, la confianza y la participaci\u00f3n de la ciudadan\u00eda en la gesti\u00f3n p\u00fablica. A trav\u00e9s de este mecanismo, las autoridades informan de manera clara y accesible sobre el uso de los recursos, los logros alcanzados, los retos enfrentados y las acciones realizadas durante un periodo determinado.<\/p>\n\n\n\n<p>En esta secci\u00f3n, ponemos a disposici\u00f3n de la comunidad un informe detallado que refleja nuestro compromiso con una gesti\u00f3n abierta, responsable y orientada al bienestar colectivo. Invitamos a todos y todas a conocer, revisar y participar activamente en este ejercicio de transparencia y corresponsabilidad.<\/p>\n\n\n\n<figure class=\"wp-block-table\"><table class=\"has-fixed-layout\"><tbody><tr><td><strong>PERIODO<\/strong><\/td><td><strong>DESCRIPCION<\/strong><\/td><td><strong>ARCHIVO<\/strong><\/td><\/tr><tr><td>01\/01\/2024 &#8211; 31\/12\/2024<\/td><td>INFORME &#8211; RENDICI\u00d3N DE CUENTAS DE TITULARES_MUNICIPALIDAD DISTRITAL DE LA TINGUI\u00d1A_2024 &#8211; ALCALDIA<\/td><td><a href=\"https:\/\/drive.google.com\/file\/d\/1tCok2eRXVctcY-aUXdDSCxlU9or0cXYo\/view?usp=drive_link\" data-type=\"link\" data-id=\"https:\/\/drive.google.com\/file\/d\/1tCok2eRXVctcY-aUXdDSCxlU9or0cXYo\/view?usp=drive_link\"><img decoding=\"async\" class=\"wp-image-104\" style=\"width: 150px;\" src=\"https:\/\/munilatinguina.gob.pe\/wp-content\/uploads\/2025\/01\/PDF_file_icon.svg_.png\" alt=\"\"><\/a><\/td><\/tr><\/tbody><\/table><\/figure>\n\n\n\n<p><\/p>\n","protected":false},"excerpt":{"rendered":"<p>La Rendici\u00f3n de Cuentas Ciudadana es un proceso fundamental para fortalecer la transparencia, la confianza y la participaci\u00f3n de la ciudadan\u00eda en la gesti\u00f3n p\u00fablica. A trav\u00e9s de este mecanismo, las autoridades informan de manera clara y accesible sobre el uso de los recursos, los logros alcanzados, los retos enfrentados y las acciones realizadas durante<\/p>\n<div class=\"more-link\">\n\t\t\t\t <a href=\"https:\/\/munilatinguina.gob.pe\/index.php\/rendicion-de-cuentas\/\" class=\"theme-btn\"><span>Seguir leyendo<\/span><\/a>\n\t\t\t<\/div>\n","protected":false},"author":1,"featured_media":0,"parent":0,"menu_order":0,"comment_status":"closed","ping_status":"closed","template":"","meta":{"footnotes":""},"class_list":["post-160","page","type-page","status-publish","hentry"],"_links":{"self":[{"href":"https:\/\/munilatinguina.gob.pe\/index.php\/wp-json\/wp\/v2\/pages\/160","targetHints":{"allow":["GET"]}}],"collection":[{"href":"https:\/\/munilatinguina.gob.pe\/index.php\/wp-json\/wp\/v2\/pages"}],"about":[{"href":"https:\/\/munilatinguina.gob.pe\/index.php\/wp-json\/wp\/v2\/types\/page"}],"author":[{"embeddable":true,"href":"https:\/\/munilatinguina.gob.pe\/index.php\/wp-json\/wp\/v2\/users\/1"}],"replies":[{"embeddable":true,"href":"https:\/\/munilatinguina.gob.pe\/index.php\/wp-json\/wp\/v2\/comments?post=160"}],"version-history":[{"count":3,"href":"https:\/\/munilatinguina.gob.pe\/index.php\/wp-json\/wp\/v2\/pages\/160\/revisions"}],"predecessor-version":[{"id":168,"href":"https:\/\/munilatinguina.gob.pe\/index.php\/wp-json\/wp\/v2\/pages\/160\/revisions\/168"}],"wp:attachment":[{"href":"https:\/\/munilatinguina.gob.pe\/index.php\/wp-json\/wp\/v2\/media?parent=160"}],"curies":[{"name":"wp","href":"https:\/\/api.w.org\/{rel}","templated":true}]}}