{"id":96,"date":"2025-01-16T15:19:37","date_gmt":"2025-01-16T15:19:37","guid":{"rendered":"https:\/\/munilatinguina.gob.pe\/?page_id=96"},"modified":"2025-12-30T21:23:15","modified_gmt":"2025-12-30T21:23:15","slug":"raee","status":"publish","type":"page","link":"https:\/\/munilatinguina.gob.pe\/index.php\/raee\/","title":{"rendered":"RAEE"},"content":{"rendered":"\n<h1 class=\"wp-block-heading\"><strong>RAEE<\/strong><\/h1>\n\n\n\n<p>Los Residuos de Aparatos El\u00e9ctricos y Electr\u00f3nicos (RAEE) son productos desechados que contienen materiales valiosos pero tambi\u00e9n sustancias peligrosas para el medio ambiente. En La Tingui\u00f1a, como parte de nuestro compromiso con la sostenibilidad y el bienestar de la comunidad, promovemos una correcta gesti\u00f3n de estos residuos a trav\u00e9s de la recolecci\u00f3n, reciclaje y disposici\u00f3n adecuada.<\/p>\n\n\n\n<p>A trav\u00e9s de diversas iniciativas, buscamos concienciar a los ciudadanos sobre la importancia de una correcta disposici\u00f3n de sus electrodom\u00e9sticos y dispositivos electr\u00f3nicos al final de su vida \u00fatil, contribuyendo as\u00ed a la protecci\u00f3n de nuestro entorno y a la reducci\u00f3n del impacto ambiental. Te invitamos a unirte a este esfuerzo, asegurando que nuestros residuos sean manejados de manera responsable y eficiente para el beneficio de todos.<\/p>\n\n\n\n<p><strong><mark style=\"background-color:rgba(0, 0, 0, 0)\" class=\"has-inline-color has-vivid-cyan-blue-color\">DOCUMENTACION<\/mark><\/strong> &#8211; 2025 <\/p>\n\n\n\n<figure class=\"wp-block-table\"><table class=\"has-fixed-layout\"><tbody><tr><td class=\"has-text-align-center\" data-align=\"center\"><font style=\"vertical-align: inherit;\"><font style=\"vertical-align: inherit;\"><strong><mark style=\"background-color:rgba(0, 0, 0, 0)\" class=\"has-inline-color has-black-color\">FECHA DE PUBLICACION<\/mark><\/strong><\/font><\/font><\/td><td class=\"has-text-align-center\" data-align=\"center\"><strong><mark style=\"background-color:rgba(0, 0, 0, 0)\" class=\"has-inline-color has-black-color\">DESCRIPCION<\/mark><\/strong><\/td><td class=\"has-text-align-center\" data-align=\"center\"><strong><mark style=\"background-color:rgba(0, 0, 0, 0)\" class=\"has-inline-color has-black-color\">ARCHIVO<\/mark><\/strong><\/td><\/tr><tr><td class=\"has-text-align-center\" data-align=\"center\">30\/12\/2025<\/td><td class=\"has-text-align-center\" data-align=\"center\">INVITACION A LOS SISTEMAS DE MANEJO RAEE -2025<\/td><td class=\"has-text-align-center\" data-align=\"center\"><a href=\"https:\/\/drive.google.com\/file\/d\/1pPKTozcKfRFfO0sFk1SUxAsK0EuJRj-n\/view?usp=drive_link\"><img decoding=\"async\" class=\"wp-image-104\" style=\"width: 150px;\" src=\"https:\/\/munilatinguina.gob.pe\/wp-content\/uploads\/2025\/01\/PDF_file_icon.svg_.png\" alt=\"\"><\/a><\/td><\/tr><\/tbody><\/table><\/figure>\n\n\n\n<ul class=\"wp-block-list\">\n<li><strong><mark style=\"background-color:rgba(0, 0, 0, 0)\" class=\"has-inline-color has-vivid-cyan-blue-color\">DOCUMENTACION<\/mark><\/strong>-2024<\/li>\n<\/ul>\n\n\n\n<div class=\"wp-block-group\"><div class=\"wp-block-group__inner-container is-layout-constrained wp-block-group-is-layout-constrained\">\n<figure class=\"wp-block-table\"><table class=\"has-fixed-layout\"><tbody><tr><td class=\"has-text-align-center\" data-align=\"center\"><font style=\"vertical-align: inherit;\"><font style=\"vertical-align: inherit;\"><strong><mark style=\"background-color:rgba(0, 0, 0, 0)\" class=\"has-inline-color has-black-color\">FECHA DE PUBLICACION<\/mark><\/strong><\/font><\/font><strong><font style=\"vertical-align: inherit;\"><font style=\"vertical-align: inherit;\">\u200b<\/font><\/font><\/strong><\/td><td class=\"has-text-align-center\" data-align=\"center\"><strong><mark style=\"background-color:rgba(0, 0, 0, 0)\" class=\"has-inline-color has-black-color\">DESCRIPCION<\/mark><\/strong><\/td><td class=\"has-text-align-center\" data-align=\"center\"><strong><mark style=\"background-color:rgba(0, 0, 0, 0)\" class=\"has-inline-color has-black-color\">ARCHIVO<\/mark><\/strong><\/td><\/tr><tr><td class=\"has-text-align-center\" data-align=\"center\"><mark style=\"background-color:rgba(0, 0, 0, 0)\" class=\"has-inline-color has-vivid-cyan-blue-color\">16\/01\/2025<\/mark><\/td><td class=\"has-text-align-center\" data-align=\"center\">PUBLICACION BAJA BIENES RAEE 2024<\/td><td class=\"has-text-align-center\" data-align=\"center\"><a href=\"https:\/\/drive.google.com\/file\/d\/1oHFAxLVDZ1T7KpMRZeG-cZY9-5r_eLp2\/view?usp=drive_link\"><img decoding=\"async\" class=\"wp-image-104\" style=\"width: 150px;\" src=\"https:\/\/munilatinguina.gob.pe\/wp-content\/uploads\/2025\/01\/PDF_file_icon.svg_.png\" alt=\"\"><\/a><\/td><\/tr><tr><td class=\"has-text-align-center\" data-align=\"center\"><mark style=\"background-color:rgba(0, 0, 0, 0)\" class=\"has-inline-color has-vivid-cyan-blue-color\">16\/01\/2025<\/mark><\/td><td class=\"has-text-align-center\" data-align=\"center\">RESOL. ADMIN 017-2024-MDLT.OGA<\/td><td class=\"has-text-align-center\" data-align=\"center\"><a href=\"https:\/\/drive.google.com\/file\/d\/1UYj7nJk-4m8BaojhzQwWYKxtmTlAOVOb\/view?usp=drive_link\"><img decoding=\"async\" class=\"wp-image-104\" style=\"width: 150px;\" src=\"https:\/\/munilatinguina.gob.pe\/wp-content\/uploads\/2025\/01\/PDF_file_icon.svg_.png\" alt=\"\"><\/a><\/td><\/tr><tr><td class=\"has-text-align-center\" data-align=\"center\"><mark style=\"background-color:rgba(0, 0, 0, 0)\" class=\"has-inline-color has-vivid-cyan-blue-color\">16\/01\/2025<\/mark><\/td><td class=\"has-text-align-center\" data-align=\"center\">BAJA BIENES RAEE CON CODIGO 2024<\/td><td class=\"has-text-align-center\" data-align=\"center\"><a href=\"https:\/\/drive.google.com\/file\/d\/1l0lvyfTJBLr_sttAU7FEnS_Kvrq7bovB\/view?usp=drive_link\"><img decoding=\"async\" class=\"wp-image-104\" style=\"width: 150px;\" src=\"https:\/\/munilatinguina.gob.pe\/wp-content\/uploads\/2025\/01\/PDF_file_icon.svg_.png\" alt=\"\"><\/a><\/td><\/tr><tr><td class=\"has-text-align-center\" data-align=\"center\"><mark style=\"background-color:rgba(0, 0, 0, 0)\" class=\"has-inline-color has-vivid-cyan-blue-color\">16\/01\/2025<\/mark><\/td><td class=\"has-text-align-center\" data-align=\"center\">BAJA BIENES RAEE SIN CODIGO 2024<\/td><td class=\"has-text-align-center\" data-align=\"center\"><a href=\"https:\/\/drive.google.com\/file\/d\/18KQhWqxlgn_cJXAgK_SOu_8NYAdI-iJs\/view?usp=drive_link\"><img decoding=\"async\" class=\"wp-image-104\" style=\"width: 150px;\" src=\"https:\/\/munilatinguina.gob.pe\/wp-content\/uploads\/2025\/01\/PDF_file_icon.svg_.png\" alt=\"\"><\/a><\/td><\/tr><\/tbody><\/table><\/figure>\n<\/div><\/div>\n","protected":false},"excerpt":{"rendered":"<p>RAEE Los Residuos de Aparatos El\u00e9ctricos y Electr\u00f3nicos (RAEE) son productos desechados que contienen materiales valiosos pero tambi\u00e9n sustancias peligrosas para el medio ambiente. En La Tingui\u00f1a, como parte de nuestro compromiso con la sostenibilidad y el bienestar de la comunidad, promovemos una correcta gesti\u00f3n de estos residuos a trav\u00e9s de la recolecci\u00f3n, reciclaje y<\/p>\n<div class=\"more-link\">\n\t\t\t\t <a href=\"https:\/\/munilatinguina.gob.pe\/index.php\/raee\/\" class=\"theme-btn\"><span>Seguir leyendo<\/span><\/a>\n\t\t\t<\/div>\n","protected":false},"author":1,"featured_media":0,"parent":0,"menu_order":0,"comment_status":"closed","ping_status":"closed","template":"","meta":{"footnotes":""},"class_list":["post-96","page","type-page","status-publish","hentry"],"_links":{"self":[{"href":"https:\/\/munilatinguina.gob.pe\/index.php\/wp-json\/wp\/v2\/pages\/96","targetHints":{"allow":["GET"]}}],"collection":[{"href":"https:\/\/munilatinguina.gob.pe\/index.php\/wp-json\/wp\/v2\/pages"}],"about":[{"href":"https:\/\/munilatinguina.gob.pe\/index.php\/wp-json\/wp\/v2\/types\/page"}],"author":[{"embeddable":true,"href":"https:\/\/munilatinguina.gob.pe\/index.php\/wp-json\/wp\/v2\/users\/1"}],"replies":[{"embeddable":true,"href":"https:\/\/munilatinguina.gob.pe\/index.php\/wp-json\/wp\/v2\/comments?post=96"}],"version-history":[{"count":11,"href":"https:\/\/munilatinguina.gob.pe\/index.php\/wp-json\/wp\/v2\/pages\/96\/revisions"}],"predecessor-version":[{"id":477,"href":"https:\/\/munilatinguina.gob.pe\/index.php\/wp-json\/wp\/v2\/pages\/96\/revisions\/477"}],"wp:attachment":[{"href":"https:\/\/munilatinguina.gob.pe\/index.php\/wp-json\/wp\/v2\/media?parent=96"}],"curies":[{"name":"wp","href":"https:\/\/api.w.org\/{rel}","templated":true}]}}